{"id":17,"date":"2024-09-01T07:26:08","date_gmt":"2024-09-01T05:26:08","guid":{"rendered":"https:\/\/cdfstmarcel56140.fr\/?page_id=17"},"modified":"2025-09-27T18:53:36","modified_gmt":"2025-09-27T16:53:36","slug":"vide-grenier","status":"publish","type":"page","link":"https:\/\/cdfstmarcel56140.fr\/index.php\/vide-grenier\/","title":{"rendered":"Vide grenier"},"content":{"rendered":"\t\t<div data-elementor-type=\"wp-page\" data-elementor-id=\"17\" class=\"elementor elementor-17\">\n\t\t\t\t<div class=\"elementor-element elementor-element-bea4732 e-flex e-con-boxed e-con e-parent\" data-id=\"bea4732\" data-element_type=\"container\">\n\t\t\t\t\t<div class=\"e-con-inner\">\n\t\t\t\t<div class=\"elementor-element elementor-element-661c161 elementor-widget elementor-widget-google_maps\" data-id=\"661c161\" data-element_type=\"widget\" data-widget_type=\"google_maps.default\">\n\t\t\t\t<div class=\"elementor-widget-container\">\n\t\t\t\t\t\t\t<div class=\"elementor-custom-embed\">\n\t\t\t<iframe loading=\"lazy\"\n\t\t\t\t\tsrc=\"https:\/\/maps.google.com\/maps?q=rue%20du%20stade%2056140%20saint%20Marcel&#038;t=m&#038;z=13&#038;output=embed&#038;iwloc=near\"\n\t\t\t\t\ttitle=\"rue du stade 56140 saint Marcel\"\n\t\t\t\t\taria-label=\"rue du stade 56140 saint Marcel\"\n\t\t\t><\/iframe>\n\t\t<\/div>\n\t\t\t\t\t\t<\/div>\n\t\t\t\t<\/div>\n\t\t\t\t<div class=\"elementor-element elementor-element-81dadc8 elementor-widget elementor-widget-text-editor\" data-id=\"81dadc8\" data-element_type=\"widget\" data-widget_type=\"text-editor.default\">\n\t\t\t\t<div class=\"elementor-widget-container\">\n\t\t\t\t\t\t\t\t\t<p>\u00a0<\/p><p>\u00a0<\/p><p>Dossier d&#8217;inscription \u00e0\u00a0<a href=\"https:\/\/cdfstmarcel56140.fr\/wp-content\/uploads\/2025\/09\/Incription-vide-grenier-2025-videgrenier.org_.pdf\"><strong>t\u00e9l\u00e9charger<\/strong><\/a> et \u00e0 nous retourner<\/p>\t\t\t\t\t\t\t\t<\/div>\n\t\t\t\t<\/div>\n\t\t\t\t\t<\/div>\n\t\t\t\t<\/div>\n\t\t<div class=\"elementor-element elementor-element-139ed14 e-flex e-con-boxed e-con e-parent\" data-id=\"139ed14\" data-element_type=\"container\">\n\t\t\t\t\t<div class=\"e-con-inner\">\n\t\t\t\t\t<\/div>\n\t\t\t\t<\/div>\n\t\t<div class=\"elementor-element elementor-element-08d04ca e-flex e-con-boxed e-con e-parent\" data-id=\"08d04ca\" data-element_type=\"container\">\n\t\t\t\t\t<div class=\"e-con-inner\">\n\t\t\t\t<div class=\"elementor-element elementor-element-e93b7af elementor-widget elementor-widget-image\" data-id=\"e93b7af\" data-element_type=\"widget\" data-widget_type=\"image.default\">\n\t\t\t\t<div class=\"elementor-widget-container\">\n\t\t\t\t\t\t\t\t\t\t\t\t\t\t\t<img fetchpriority=\"high\" decoding=\"async\" width=\"724\" height=\"1024\" src=\"https:\/\/cdfstmarcel56140.fr\/wp-content\/uploads\/2025\/09\/Copie-de-Version-Affiche-1.png\" class=\"attachment-large size-large wp-image-416\" alt=\"\" srcset=\"https:\/\/cdfstmarcel56140.fr\/wp-content\/uploads\/2025\/09\/Copie-de-Version-Affiche-1.png 1415w, https:\/\/cdfstmarcel56140.fr\/wp-content\/uploads\/2025\/09\/Copie-de-Version-Affiche-1-212x300.png 212w\" sizes=\"(max-width: 724px) 85vw, 724px\" \/>\t\t\t\t\t\t\t\t\t\t\t\t\t\t\t<\/div>\n\t\t\t\t<\/div>\n\t\t\t\t<div class=\"elementor-element elementor-element-715730c elementor-widget elementor-widget-text-editor\" data-id=\"715730c\" data-element_type=\"widget\" data-widget_type=\"text-editor.default\">\n\t\t\t\t<div class=\"elementor-widget-container\">\n\t\t\t\t\t\t\t\t\t<p>REGLEMENT A IMPRIMER ET A SIGNER <br \/>(joindre \u00e0 votre courrier)<\/p><p><br \/>Nous vous remercions pour votre demande d\u2019inscription au Vide Grenier, organis\u00e9 par le Comit\u00e9 des F\u00eates de Saint Marcel, le dimanche 30 Novembre 2025.<\/p><p><br \/>Nous vous conseillons de bien noter les informations suivantes :<\/p><p>Votre inscription est d\u00e9finitivement valid\u00e9e d\u00e8s r\u00e9ception de votre courrier (ch\u00e8que, feuille d\u2019inscription remplie en entier et sign\u00e9e, copie de la carte d\u2019identit\u00e9 et r\u00e8glement sign\u00e9) \u00e0 l\u2019adresse mentionn\u00e9e.<\/p><p>Vous pouvez venir avec votre\/vos tables ou exposer directement sur le sol de votre emplacement.<\/p><p>Pour faciliter l\u2019organisation des emplacements, nous placerons chaque participant selon les places disponibles. Nous ne pouvons tenir compte des d\u00e9sirs de chacun.<\/p><p>Les emplacements sont marqu\u00e9s au sol. Quand vous vous pr\u00e9senterez \u00e0 l\u2019accueil pour votre installation, il vous sera attribu\u00e9 un num\u00e9ro correspondant \u00e0 votre place.<\/p><p>Vos objets expos\u00e9s et les portants pour les v\u00eatements devront \u00eatre plac\u00e9s imp\u00e9rativement \u00e0 l\u2019int\u00e9rieur des lignes de marquage de votre stand et non sur les all\u00e9es, ceci pour des raisons de s\u00e9curit\u00e9 pompiers. Pensez y pour calculer le nombre d\u2019emplacements de 2m. Le service s\u00e9curit\u00e9 du CDF passera le long des all\u00e9es toute la journ\u00e9e pour veiller \u00e0 ce que cela soit appliqu\u00e9 par chacun.<\/p><p>Aucun article d\u2019exposition ne peut \u00eatre accroch\u00e9 directement sur les murs. Vous pouvez venir avec des portants pour y accrocher ce que vous souhaitez exposer en vertical.<\/p><p>Nous offrons \u00e0 chaque participant payant, une collation gratuite : 1 th\u00e9 , chocolat chaud ou caf\u00e9 + 1 part de 4 quart. Il n\u2019est pas interchangeable. La restauration et buvette sont ouverts de 10H00 \u00e0 17H30. Une enveloppe contenant le ticket de collation du matin sera remise \u00e0 votre stand une fois celui-ci install\u00e9. Un seul ticket par stand, quelque soit le nombre de personnes sur le stand.<br \/><br \/>Si vous le souhaitez, vous pouvez d\u00e9poser vos affaires et pr\u00e9parer votre stand le samedi 29 novembre 2025 entre 16H00 et 18H00 (pas avant), sinon le gymnase sera ouvert le dimanche 30 novembre 2025 \u00e0 partir de 6H00. Nous d\u00e9clinons toute responsabilit\u00e9 de vols\/casse\/d\u00e9gradation pendant et en dehors des horaires du public.<\/p><p>Le vide grenier est ouvert au public \u00e0 8H00, il est important que tous les participants aient leurs stands pr\u00eats \u00e0 recevoir d\u00e8s 8H00.<\/p><p>Pour les exposants qui ont une dur\u00e9e de d\u00e9ballage et d\u2019emballage long, il est imp\u00e9ratif de tenir compte des horaires du public : 8H00\/17H30. La salle sera ferm\u00e9e \u00e0 tous \u00e0 partir de 18H30 le dimanche.<\/p><p>Nous mettons \u00e0 votre disposition un sac poubelle\/stand pour nettoyer votre emplacement \u00e0 votre d\u00e9part. Merci de laisser votre place totalement propre et d\u2019emporter votre sac poubelle avec vous car la Mairie ne met plus de container \u00e0 disposition.<\/p><p>La demande de remboursement d\u2019une inscription est accept\u00e9e jusqu\u2019au vendredi 21 novembre 2025. Au del\u00e0, nous d\u00e9clinerons toute demande dans ce sens.<\/p><p><br \/>DATE ET VOTRE SIGNATURE <br \/>\u201cBon pour accord\u201d<\/p>\t\t\t\t\t\t\t\t<\/div>\n\t\t\t\t<\/div>\n\t\t\t\t\t<\/div>\n\t\t\t\t<\/div>\n\t\t\t\t<\/div>\n\t\t","protected":false},"excerpt":{"rendered":"<p>\u00a0 \u00a0 Dossier d&#8217;inscription \u00e0\u00a0t\u00e9l\u00e9charger et \u00e0 nous retourner REGLEMENT A IMPRIMER ET A SIGNER (joindre \u00e0 votre courrier) Nous vous remercions pour votre demande d\u2019inscription au Vide Grenier, organis\u00e9 par le Comit\u00e9 des F\u00eates de Saint Marcel, le dimanche 30 Novembre 2025. Nous vous conseillons de bien noter les informations suivantes : Votre inscription &hellip; <a href=\"https:\/\/cdfstmarcel56140.fr\/index.php\/vide-grenier\/\" class=\"more-link\">Continuer la lecture<span class=\"screen-reader-text\"> de &laquo;&nbsp;Vide grenier&nbsp;&raquo;<\/span><\/a><\/p>\n","protected":false},"author":1,"featured_media":0,"parent":0,"menu_order":2,"comment_status":"closed","ping_status":"closed","template":"","meta":{"footnotes":""},"class_list":["post-17","page","type-page","status-publish","hentry"],"_links":{"self":[{"href":"https:\/\/cdfstmarcel56140.fr\/index.php\/wp-json\/wp\/v2\/pages\/17","targetHints":{"allow":["GET"]}}],"collection":[{"href":"https:\/\/cdfstmarcel56140.fr\/index.php\/wp-json\/wp\/v2\/pages"}],"about":[{"href":"https:\/\/cdfstmarcel56140.fr\/index.php\/wp-json\/wp\/v2\/types\/page"}],"author":[{"embeddable":true,"href":"https:\/\/cdfstmarcel56140.fr\/index.php\/wp-json\/wp\/v2\/users\/1"}],"replies":[{"embeddable":true,"href":"https:\/\/cdfstmarcel56140.fr\/index.php\/wp-json\/wp\/v2\/comments?post=17"}],"version-history":[{"count":100,"href":"https:\/\/cdfstmarcel56140.fr\/index.php\/wp-json\/wp\/v2\/pages\/17\/revisions"}],"predecessor-version":[{"id":430,"href":"https:\/\/cdfstmarcel56140.fr\/index.php\/wp-json\/wp\/v2\/pages\/17\/revisions\/430"}],"wp:attachment":[{"href":"https:\/\/cdfstmarcel56140.fr\/index.php\/wp-json\/wp\/v2\/media?parent=17"}],"curies":[{"name":"wp","href":"https:\/\/api.w.org\/{rel}","templated":true}]}}